{"id":18,"date":"2023-11-13T10:17:34","date_gmt":"2023-11-13T10:17:34","guid":{"rendered":"https:\/\/web4.rkinformatika.net\/mareagoratavern\/?page_id=18"},"modified":"2025-07-03T16:14:48","modified_gmt":"2025-07-03T16:14:48","slug":"accesibilidad","status":"publish","type":"page","link":"https:\/\/mareagoratavern.com\/eu\/accesibilidad\/","title":{"rendered":"Irisgarritasuna"},"content":{"rendered":"<h1><b>ACCESIBILIDAD<\/b><\/h1>\n<p><b>Marea Gora<\/b> se ha comprometido a hacer accesible su sitio web, de conformidad con el\u00a0<a href=\"https:\/\/www.boe.es\/diario_boe\/txt.php?id=BOE-A-2018-12699\" target=\"_blank\" rel=\"noopener\">Real Decreto 1112\/2018, de 7 de septiembre, sobre accesibilidad de los sitios web y aplicaciones para dispositivos m\u00f3viles del sector p\u00fablico.<\/a><\/p>\n<p>La presente declaraci\u00f3n de accesibilidad se aplica al sitio web <b>https:\/\/mareagoratavern.com\/<\/b><\/p>\n<h2>Situaci\u00f3n de cumplimiento<\/h2>\n<p>Este sitio web es parcialmente conforme con el\u00a0<a href=\"https:\/\/www.boe.es\/diario_boe\/txt.php?id=BOE-A-2018-12699\" target=\"_blank\" rel=\"noopener\">RD 1112\/2018<\/a>.<\/p>\n<h2>Preparaci\u00f3n para la siguiente declaraci\u00f3n de accesibilidad<\/h2>\n<p>La presente declaraci\u00f3n fue preparada el <b>13<\/b><b> de <\/b><b>Noviembre<\/b><b> de 2023.<\/b><\/p>\n<p>El m\u00e9todo empleado para preparar la declaraci\u00f3n ha sido una autoevaluaci\u00f3n llevada a cabo por el propio organismo.<\/p>\n<p>Observaciones y datos de contacto<\/p>\n<p>Puede realizar comunicaciones sobre requisitos de accesibilidad (art\u00edculo 10.2.a del RD 1112\/2018) como, por ejemplo:<\/p>\n<ul>\n<li>\n<p>Informar sobre cualquier posible incumplimiento por parte de este sitio web<\/p>\n<\/li>\n<li>\n<p>Transmitir otras dificultades de acceso al contenido<\/p>\n<\/li>\n<li>\n<p>Formular cualquier otra consulta o sugerencia de mejora relativa a la accesibilidad del sitio web<\/p>\n<\/li>\n<\/ul>\n<p>a trav\u00e9s del\u00a0formulario de contacto de este sitio web o a trav\u00e9s del n\u00famero de tel\u00e9fono (+34) <b>629 587 367<\/b>.<\/p>\n<p>Puede presentar:<\/p>\n<ul>\n<li>\n<p>Queja relativa al cumplimiento de los requisitos del RD 1112\/2018 o<\/p>\n<\/li>\n<li>\n<p>Solicitud de Informaci\u00f3n accesible relativa a:<\/p>\n<ul>\n<li>\n<p>Contenidos que est\u00e1n excluidos del \u00e1mbito de aplicaci\u00f3n del RD 1112\/2018 seg\u00fan lo establecido por el art\u00edculo 3, apartado 4<\/p>\n<\/li>\n<li>\n<p>Contenidos que est\u00e1n exentos del cumplimiento de los requisitos de accesibilidad por imponer una carga desproporcionada<\/p>\n<\/li>\n<\/ul>\n<\/li>\n<\/ul>\n<p>En la Solicitud de informaci\u00f3n accesible, se debe concretar, con toda claridad, los hechos, razones y petici\u00f3n que permitan constatar que se trata de una solicitud razonable y leg\u00edtima.<\/p>\n<p>Las quejas y reclamaciones sobre informaci\u00f3n accesible se realizar\u00e1n a trav\u00e9s de la sede electr\u00f3nica (<b>https:\/\/mareagoratavern.com\/contacto\/<\/b>), y ser\u00e1n recibidas y tratadas por el \u00e1rea de Sistemas de la Informaci\u00f3n de <b>Marea Gora<\/b>.<\/p>\n<h2>Contenido opcional<\/h2>\n<p>Este portal est\u00e1 dise\u00f1ado para poder cambiar el tama\u00f1o del texto y el color, as\u00ed como el fondo de la p\u00e1gina mediante las opciones de configuraci\u00f3n est\u00e1ndar de los navegadores.<\/p>\n<p>Si desea cambiar el tama\u00f1o de letra del texto en los principales navegadores gr\u00e1ficos utilice los siguientes men\u00fas:<\/p>\n<ul>\n<li>\n<p>Internet Explorer, Mozilla y Firefox: Ver &gt; Tama\u00f1o del texto<\/p>\n<\/li>\n<li>\n<p>Opera: Ver &gt; Zoom<\/p>\n<\/li>\n<li>\n<p>Safari: Ver &gt; Hacer el texto m\u00e1s grande<\/p>\n<\/li>\n<li>\n<p>Chrome: Controla la p\u00e1gina actual &gt; Tama\u00f1o del texto<\/p>\n<\/li>\n<li>\n<p>Para modificar el tama\u00f1o de todo en la p\u00e1gina:<\/p>\n<ul>\n<li>\n<p>Ctrl + + para aumentarlo<\/p>\n<\/li>\n<li>\n<p>Ctrl + \u2013 para disminuirlo<\/p>\n<\/li>\n<li>\n<p>Ctrl + 0 restaura el tama\u00f1o original del texto<\/p>\n<\/li>\n<li>\n<p>Si lo que quiere es anular la hoja de estilos o modificar el color del texto, puede consultar la p\u00e1gina\u00a0How to Change Text Size or Colors de la WAI, que se puede leer traducida al espa\u00f1ol en \u00bfC\u00f3mo cambiar el tama\u00f1o del texto o colores?<\/p>\n<\/li>\n<\/ul>\n<\/li>\n<\/ul>","protected":false},"excerpt":{"rendered":"<p>ACCESIBILIDAD Marea Gora se ha comprometido a hacer accesible su sitio web, de conformidad con el\u00a0Real Decreto 1112\/2018, de 7 de septiembre, sobre accesibilidad de los sitios web y aplicaciones para dispositivos m\u00f3viles del sector p\u00fablico. La presente declaraci\u00f3n de accesibilidad se aplica al sitio web https:\/\/mareagoratavern.com\/ Situaci\u00f3n de cumplimiento Este sitio web es parcialmente [&hellip;]<\/p>","protected":false},"author":1,"featured_media":8,"parent":0,"menu_order":0,"comment_status":"closed","ping_status":"closed","template":"elementor_canvas","meta":{"footnotes":""},"class_list":["post-18","page","type-page","status-publish","has-post-thumbnail","hentry"],"yoast_head":"<!-- This site is optimized with the Yoast SEO plugin v25.5 - https:\/\/yoast.com\/wordpress\/plugins\/seo\/ -->\n<title>Accesibilidad - Marea Gora<\/title>\n<meta name=\"robots\" content=\"index, follow, max-snippet:-1, max-image-preview:large, max-video-preview:-1\" \/>\n<link rel=\"canonical\" href=\"https:\/\/mareagoratavern.com\/eu\/accesibilidad\/\" \/>\n<meta property=\"og:locale\" content=\"en_US\" \/>\n<meta property=\"og:type\" content=\"article\" \/>\n<meta property=\"og:title\" content=\"Accesibilidad - Marea Gora\" \/>\n<meta property=\"og:description\" content=\"ACCESIBILIDAD Marea Gora se ha comprometido a hacer accesible su sitio web, de conformidad con el\u00a0Real Decreto 1112\/2018, de 7 de septiembre, sobre accesibilidad de los sitios web y aplicaciones para dispositivos m\u00f3viles del sector p\u00fablico. La presente declaraci\u00f3n de accesibilidad se aplica al sitio web https:\/\/mareagoratavern.com\/ Situaci\u00f3n de cumplimiento Este sitio web es parcialmente [&hellip;]\" \/>\n<meta property=\"og:url\" content=\"https:\/\/mareagoratavern.com\/eu\/accesibilidad\/\" \/>\n<meta property=\"og:site_name\" content=\"Marea Gora\" \/>\n<meta property=\"article:modified_time\" content=\"2025-07-03T16:14:48+00:00\" \/>\n<meta property=\"og:image\" content=\"https:\/\/mareagoratavern.com\/wp-content\/uploads\/2023\/11\/eef85800-006d-4980-9739-7afd13965387.png\" \/>\n\t<meta property=\"og:image:width\" content=\"912\" \/>\n\t<meta property=\"og:image:height\" content=\"914\" \/>\n\t<meta property=\"og:image:type\" content=\"image\/png\" \/>\n<meta name=\"twitter:card\" content=\"summary_large_image\" \/>\n<meta name=\"twitter:label1\" content=\"Est. reading time\" \/>\n\t<meta name=\"twitter:data1\" content=\"3 minutua\" \/>\n<script type=\"application\/ld+json\" class=\"yoast-schema-graph\">{\"@context\":\"https:\/\/schema.org\",\"@graph\":[{\"@type\":\"WebPage\",\"@id\":\"https:\/\/mareagoratavern.com\/accesibilidad\/\",\"url\":\"https:\/\/mareagoratavern.com\/accesibilidad\/\",\"name\":\"Accesibilidad - Marea Gora\",\"isPartOf\":{\"@id\":\"https:\/\/mareagoratavern.com\/#website\"},\"primaryImageOfPage\":{\"@id\":\"https:\/\/mareagoratavern.com\/accesibilidad\/#primaryimage\"},\"image\":{\"@id\":\"https:\/\/mareagoratavern.com\/accesibilidad\/#primaryimage\"},\"thumbnailUrl\":\"https:\/\/mareagoratavern.com\/wp-content\/uploads\/2023\/11\/eef85800-006d-4980-9739-7afd13965387.png\",\"datePublished\":\"2023-11-13T10:17:34+00:00\",\"dateModified\":\"2025-07-03T16:14:48+00:00\",\"breadcrumb\":{\"@id\":\"https:\/\/mareagoratavern.com\/accesibilidad\/#breadcrumb\"},\"inLanguage\":\"eu\",\"potentialAction\":[{\"@type\":\"ReadAction\",\"target\":[\"https:\/\/mareagoratavern.com\/accesibilidad\/\"]}]},{\"@type\":\"ImageObject\",\"inLanguage\":\"eu\",\"@id\":\"https:\/\/mareagoratavern.com\/accesibilidad\/#primaryimage\",\"url\":\"https:\/\/mareagoratavern.com\/wp-content\/uploads\/2023\/11\/eef85800-006d-4980-9739-7afd13965387.png\",\"contentUrl\":\"https:\/\/mareagoratavern.com\/wp-content\/uploads\/2023\/11\/eef85800-006d-4980-9739-7afd13965387.png\",\"width\":912,\"height\":914},{\"@type\":\"BreadcrumbList\",\"@id\":\"https:\/\/mareagoratavern.com\/accesibilidad\/#breadcrumb\",\"itemListElement\":[{\"@type\":\"ListItem\",\"position\":1,\"name\":\"Portada\",\"item\":\"https:\/\/mareagoratavern.com\/\"},{\"@type\":\"ListItem\",\"position\":2,\"name\":\"Accesibilidad\"}]},{\"@type\":\"WebSite\",\"@id\":\"https:\/\/mareagoratavern.com\/#website\",\"url\":\"https:\/\/mareagoratavern.com\/\",\"name\":\"Marea Gora\",\"description\":\"\",\"publisher\":{\"@id\":\"https:\/\/mareagoratavern.com\/#organization\"},\"potentialAction\":[{\"@type\":\"SearchAction\",\"target\":{\"@type\":\"EntryPoint\",\"urlTemplate\":\"https:\/\/mareagoratavern.com\/?s={search_term_string}\"},\"query-input\":{\"@type\":\"PropertyValueSpecification\",\"valueRequired\":true,\"valueName\":\"search_term_string\"}}],\"inLanguage\":\"eu\"},{\"@type\":\"Organization\",\"@id\":\"https:\/\/mareagoratavern.com\/#organization\",\"name\":\"Marea Gora\",\"url\":\"https:\/\/mareagoratavern.com\/\",\"logo\":{\"@type\":\"ImageObject\",\"inLanguage\":\"eu\",\"@id\":\"https:\/\/mareagoratavern.com\/#\/schema\/logo\/image\/\",\"url\":\"https:\/\/mareagoratavern.com\/wp-content\/uploads\/2023\/11\/eef85800-006d-4980-9739-7afd13965387.png\",\"contentUrl\":\"https:\/\/mareagoratavern.com\/wp-content\/uploads\/2023\/11\/eef85800-006d-4980-9739-7afd13965387.png\",\"width\":912,\"height\":914,\"caption\":\"Marea Gora\"},\"image\":{\"@id\":\"https:\/\/mareagoratavern.com\/#\/schema\/logo\/image\/\"}}]}<\/script>\n<!-- \/ Yoast SEO plugin. -->","yoast_head_json":{"title":"Accesibilidad - Marea Gora","robots":{"index":"index","follow":"follow","max-snippet":"max-snippet:-1","max-image-preview":"max-image-preview:large","max-video-preview":"max-video-preview:-1"},"canonical":"https:\/\/mareagoratavern.com\/eu\/accesibilidad\/","og_locale":"en_US","og_type":"article","og_title":"Accesibilidad - Marea Gora","og_description":"ACCESIBILIDAD Marea Gora se ha comprometido a hacer accesible su sitio web, de conformidad con el\u00a0Real Decreto 1112\/2018, de 7 de septiembre, sobre accesibilidad de los sitios web y aplicaciones para dispositivos m\u00f3viles del sector p\u00fablico. La presente declaraci\u00f3n de accesibilidad se aplica al sitio web https:\/\/mareagoratavern.com\/ Situaci\u00f3n de cumplimiento Este sitio web es parcialmente [&hellip;]","og_url":"https:\/\/mareagoratavern.com\/eu\/accesibilidad\/","og_site_name":"Marea Gora","article_modified_time":"2025-07-03T16:14:48+00:00","og_image":[{"width":912,"height":914,"url":"https:\/\/mareagoratavern.com\/wp-content\/uploads\/2023\/11\/eef85800-006d-4980-9739-7afd13965387.png","type":"image\/png"}],"twitter_card":"summary_large_image","twitter_misc":{"Est. reading time":"3 minutua"},"schema":{"@context":"https:\/\/schema.org","@graph":[{"@type":"WebPage","@id":"https:\/\/mareagoratavern.com\/accesibilidad\/","url":"https:\/\/mareagoratavern.com\/accesibilidad\/","name":"Accesibilidad - Marea Gora","isPartOf":{"@id":"https:\/\/mareagoratavern.com\/#website"},"primaryImageOfPage":{"@id":"https:\/\/mareagoratavern.com\/accesibilidad\/#primaryimage"},"image":{"@id":"https:\/\/mareagoratavern.com\/accesibilidad\/#primaryimage"},"thumbnailUrl":"https:\/\/mareagoratavern.com\/wp-content\/uploads\/2023\/11\/eef85800-006d-4980-9739-7afd13965387.png","datePublished":"2023-11-13T10:17:34+00:00","dateModified":"2025-07-03T16:14:48+00:00","breadcrumb":{"@id":"https:\/\/mareagoratavern.com\/accesibilidad\/#breadcrumb"},"inLanguage":"eu","potentialAction":[{"@type":"ReadAction","target":["https:\/\/mareagoratavern.com\/accesibilidad\/"]}]},{"@type":"ImageObject","inLanguage":"eu","@id":"https:\/\/mareagoratavern.com\/accesibilidad\/#primaryimage","url":"https:\/\/mareagoratavern.com\/wp-content\/uploads\/2023\/11\/eef85800-006d-4980-9739-7afd13965387.png","contentUrl":"https:\/\/mareagoratavern.com\/wp-content\/uploads\/2023\/11\/eef85800-006d-4980-9739-7afd13965387.png","width":912,"height":914},{"@type":"BreadcrumbList","@id":"https:\/\/mareagoratavern.com\/accesibilidad\/#breadcrumb","itemListElement":[{"@type":"ListItem","position":1,"name":"Portada","item":"https:\/\/mareagoratavern.com\/"},{"@type":"ListItem","position":2,"name":"Accesibilidad"}]},{"@type":"WebSite","@id":"https:\/\/mareagoratavern.com\/#website","url":"https:\/\/mareagoratavern.com\/","name":"Marea Gora","description":"","publisher":{"@id":"https:\/\/mareagoratavern.com\/#organization"},"potentialAction":[{"@type":"SearchAction","target":{"@type":"EntryPoint","urlTemplate":"https:\/\/mareagoratavern.com\/?s={search_term_string}"},"query-input":{"@type":"PropertyValueSpecification","valueRequired":true,"valueName":"search_term_string"}}],"inLanguage":"eu"},{"@type":"Organization","@id":"https:\/\/mareagoratavern.com\/#organization","name":"Marea Gora","url":"https:\/\/mareagoratavern.com\/","logo":{"@type":"ImageObject","inLanguage":"eu","@id":"https:\/\/mareagoratavern.com\/#\/schema\/logo\/image\/","url":"https:\/\/mareagoratavern.com\/wp-content\/uploads\/2023\/11\/eef85800-006d-4980-9739-7afd13965387.png","contentUrl":"https:\/\/mareagoratavern.com\/wp-content\/uploads\/2023\/11\/eef85800-006d-4980-9739-7afd13965387.png","width":912,"height":914,"caption":"Marea Gora"},"image":{"@id":"https:\/\/mareagoratavern.com\/#\/schema\/logo\/image\/"}}]}},"_links":{"self":[{"href":"https:\/\/mareagoratavern.com\/eu\/wp-json\/wp\/v2\/pages\/18","targetHints":{"allow":["GET"]}}],"collection":[{"href":"https:\/\/mareagoratavern.com\/eu\/wp-json\/wp\/v2\/pages"}],"about":[{"href":"https:\/\/mareagoratavern.com\/eu\/wp-json\/wp\/v2\/types\/page"}],"author":[{"embeddable":true,"href":"https:\/\/mareagoratavern.com\/eu\/wp-json\/wp\/v2\/users\/1"}],"replies":[{"embeddable":true,"href":"https:\/\/mareagoratavern.com\/eu\/wp-json\/wp\/v2\/comments?post=18"}],"version-history":[{"count":0,"href":"https:\/\/mareagoratavern.com\/eu\/wp-json\/wp\/v2\/pages\/18\/revisions"}],"wp:featuredmedia":[{"embeddable":true,"href":"https:\/\/mareagoratavern.com\/eu\/wp-json\/wp\/v2\/media\/8"}],"wp:attachment":[{"href":"https:\/\/mareagoratavern.com\/eu\/wp-json\/wp\/v2\/media?parent=18"}],"curies":[{"name":"wp","href":"https:\/\/api.w.org\/{rel}","templated":true}]}}